{"id":2487,"date":"2017-06-06T20:51:42","date_gmt":"2017-06-06T20:51:42","guid":{"rendered":"http:\/\/www.hotel-traful.hostingbahia.com.ar\/inicio\/?page_id=2487"},"modified":"2017-07-10T23:26:22","modified_gmt":"2017-07-10T23:26:22","slug":"quienes-somos","status":"publish","type":"page","link":"http:\/\/www.hotel-traful.com.ar\/inicio\/quienes-somos\/","title":{"rendered":"\u00bfQUIENES SOMOS?"},"content":{"rendered":"[vc_row][vc_column][vc_column_text css_animation=\u00bbbounceInLeft\u00bb]HOTEL TRAFUL\u00a0<span class=\"Estilo12\">es una empresa de servicios con compromisos asumidos a diario con su amplia clientela, destac\u00e1ndose la c\u00e1lida atenci\u00f3n y su ubicaci\u00f3n (apenas a 250 mts. de la ruta Nacional 152 y a pocos metros de parrillas, restaurantes,\u00a0kiosco y proveedur\u00eda).<\/span><\/p>\n<p>La demanda est\u00e1 constituida por visitantes que deciden descansar durante su largo viaje hacia el sur de nuestro pa\u00eds o regresando desde all\u00ed hacia sus hogares, personas extranjeras dedicadas a la caza deportiva y comerciantes que asiduamente visitan la ciudad de Gral. Acha.<\/p>\n<p>La Patagonia es un amplio territorio, y General Acha es el punto ideal para pernoctar y abastecerse para continuar su viaje.[\/vc_column_text][\/vc_column][\/vc_row]\n","protected":false},"excerpt":{"rendered":"<p>[vc_row][vc_column][vc_column_text css_animation=\u00bbbounceInLeft\u00bb]HOTEL TRAFUL\u00a0es una empresa de servicios con compromisos asumidos a diario con su amplia clientela, destac\u00e1ndose la c\u00e1lida atenci\u00f3n y su ubicaci\u00f3n (apenas a 250 mts. de la ruta Nacional 152 y a pocos metros de parrillas, restaurantes,\u00a0kiosco y proveedur\u00eda). La demanda est\u00e1 constituida por visitantes que deciden descansar durante su largo viaje hacia [&hellip;]<\/p>\n","protected":false},"author":1,"featured_media":0,"parent":0,"menu_order":0,"comment_status":"closed","ping_status":"closed","template":"","meta":{"_joinchat":[],"footnotes":""},"_links":{"self":[{"href":"http:\/\/www.hotel-traful.com.ar\/inicio\/wp-json\/wp\/v2\/pages\/2487"}],"collection":[{"href":"http:\/\/www.hotel-traful.com.ar\/inicio\/wp-json\/wp\/v2\/pages"}],"about":[{"href":"http:\/\/www.hotel-traful.com.ar\/inicio\/wp-json\/wp\/v2\/types\/page"}],"author":[{"embeddable":true,"href":"http:\/\/www.hotel-traful.com.ar\/inicio\/wp-json\/wp\/v2\/users\/1"}],"replies":[{"embeddable":true,"href":"http:\/\/www.hotel-traful.com.ar\/inicio\/wp-json\/wp\/v2\/comments?post=2487"}],"version-history":[{"count":6,"href":"http:\/\/www.hotel-traful.com.ar\/inicio\/wp-json\/wp\/v2\/pages\/2487\/revisions"}],"predecessor-version":[{"id":2899,"href":"http:\/\/www.hotel-traful.com.ar\/inicio\/wp-json\/wp\/v2\/pages\/2487\/revisions\/2899"}],"wp:attachment":[{"href":"http:\/\/www.hotel-traful.com.ar\/inicio\/wp-json\/wp\/v2\/media?parent=2487"}],"curies":[{"name":"wp","href":"https:\/\/api.w.org\/{rel}","templated":true}]}}