{"id":1756,"date":"2015-09-18T13:52:08","date_gmt":"2015-09-18T11:52:08","guid":{"rendered":"http:\/\/ttdemo.wpengine.com\/calluna\/?page_id=1756"},"modified":"2024-05-20T17:34:46","modified_gmt":"2024-05-20T17:34:46","slug":"home","status":"publish","type":"page","link":"http:\/\/www.hotel-traful.com.ar\/inicio\/","title":{"rendered":"INICIO"},"content":{"rendered":"[vc_row][vc_column][vc_empty_space height=\u00bb60&#8243;]<h2 class=\"calluna-heading calluna-heading-single-line text-align-left \" ><span>BIENVENIDOS A HOTEL TRAFUL - GENERAL ACHA LA PAMPA<\/span><\/h2>[vc_column_text]\n<p class=\"Estilo18\" style=\"text-align: left;\" align=\"justify\"><strong>Somos una familia con m\u00e1s de 25 a\u00f1os de experiencia <\/strong><strong>en la industria hotelera.<\/strong><\/p>\n<p class=\"Estilo13\" style=\"text-align: left;\" align=\"justify\"><strong>En el mes de enero del a\u00f1o 1998 comenzamos con este emprendimiento llamado Hotel Traful.<\/strong><\/p>\n<p class=\"Estilo13\" style=\"text-align: left;\" align=\"justify\"><strong>En esa \u00e9poca, 6 habitaciones y un peque\u00f1o desayunador fueron los primeros espacios creados para servir a nuestros pasajeros. Hoy, contamos con 15 habitaciones con todos los servicios, un amplio sal\u00f3n desayunador y recepci\u00f3n, cochera cubierta para cada habitaci\u00f3n y muchos deseos de seguir creciendo para que todos nuestros hu\u00e9spedes se sientan como en sus casas.<\/strong><\/p>\n<p><strong>C\u00c1LIDA\u00a0ATENCI\u00d3N, EXCELENTE UBICACI\u00d3N\u00a0Y SEGURIDAD, adem\u00e1s de un equipamiento acorde a todas sus necesidades, hacen que General Acha y Hotel Traful, sean su mejor opci\u00f3n para descansar durante su largo viaje hacia nuestros hermosos paisajes patag\u00f3nicos o de regreso a su hogar.<\/strong><\/p>\n<p><strong><span class=\"Estilo17\"><em>\u00a1LOS ESPERAMOS!<\/em><\/span><\/strong>[\/vc_column_text][vc_empty_space height=\u00bb60px\u00bb][\/vc_column][\/vc_row][vc_row full_width=\u00bbstretch_row\u00bb css=\u00bb.vc_custom_1442744972323{padding-top: 6% !important;padding-bottom: 7% !important;background-color: #f2f2f2 !important;}\u00bb][vc_column width=\u00bb1\/6&#8243;][\/vc_column][vc_column width=\u00bb4\/6&#8243;]<h2 class=\"calluna-heading calluna-heading-single-line text-align-center \" style=\"color: #0f2353;\"><span>DESCUBR\u00cd LA PATAGONIA ARGENTINA<\/span><\/h2>[vc_column_text css=\u00bb.vc_custom_1498096621279{margin-bottom: 35px !important;}\u00bb el_class=\u00bbseparator\u00bb]\n<p style=\"text-align: center;\">Somos m\u00e1s que un \u00a0lugar de paso.. somos un lugar de encuentro<\/p>\n[\/vc_column_text][\/vc_column][vc_column width=\u00bb1\/6&#8243;][\/vc_column][\/vc_row][vc_row css_animation=\u00bbslideInDown\u00bb css=\u00bb.vc_custom_1499356230880{padding-top: 5% !important;padding-bottom: 5% !important;}\u00bb][vc_column][vc_row_inner css=\u00bb.vc_custom_1499307932132{border-radius: 1px !important;}\u00bb][vc_column_inner width=\u00bb1\/4&#8243;]\n        <div class=\"calluna-icon-box clr calluna-icon-box-four align-center\" style=\"border-radius:25;border-color:rgba(255,255,255,0.01);background-color:rgba(255,255,255,0.01);\">\n                            <img decoding=\"async\" class=\"calluna-icon-box-four-img-alt lazyload\" data-src=\"http:\/\/www.hotel-traful.com.ar\/inicio\/wp-content\/uploads\/2015\/09\/1.png\" alt=\"SOMMIERS\" style=\"--smush-placeholder-width: 300px; --smush-placeholder-aspect-ratio: 300\/275;width:80px;\" src=\"data:image\/gif;base64,R0lGODlhAQABAAAAACH5BAEKAAEALAAAAAABAAEAAAICTAEAOw==\" \/><noscript><img decoding=\"async\" class=\"calluna-icon-box-four-img-alt\" src=\"http:\/\/www.hotel-traful.com.ar\/inicio\/wp-content\/uploads\/2015\/09\/1.png\" alt=\"SOMMIERS\" style=\"width:80px;\" \/><\/noscript>\n                            <h4 class=\"calluna-icon-box-four-heading \" style=color:#0f2353;>\n                    SOMMIERS                <\/h4>\n                            <div class=\"calluna-icon-box-four-content clr\">\n                    <p>40 plazas con c\u00f3modos sommiers.<\/p>\n                <\/div>\n                    <\/div>\n        \n        [\/vc_column_inner][vc_column_inner width=\u00bb1\/4&#8243;]\n        <div class=\"calluna-icon-box clr calluna-icon-box-four align-center\" style=\"border-color:rgba(255,255,255,0.01);background-color:rgba(255,255,255,0.01);\">\n                            <img decoding=\"async\" class=\"calluna-icon-box-four-img-alt lazyload\" data-src=\"http:\/\/www.hotel-traful.com.ar\/inicio\/wp-content\/uploads\/2015\/09\/2-1.png\" alt=\"habitaciones\" style=\"--smush-placeholder-width: 253px; --smush-placeholder-aspect-ratio: 253\/289;width:80px;\" src=\"data:image\/gif;base64,R0lGODlhAQABAAAAACH5BAEKAAEALAAAAAABAAEAAAICTAEAOw==\" \/><noscript><img decoding=\"async\" class=\"calluna-icon-box-four-img-alt\" src=\"http:\/\/www.hotel-traful.com.ar\/inicio\/wp-content\/uploads\/2015\/09\/2-1.png\" alt=\"habitaciones\" style=\"width:80px;\" \/><\/noscript>\n                            <h4 class=\"calluna-icon-box-four-heading \" style=color:#0f2353;>\n                    habitaciones                <\/h4>\n                            <div class=\"calluna-icon-box-four-content clr\">\n                    <p>Habitaciones con ba\u00f1o privado y secador de cabello<\/p>\n                <\/div>\n                    <\/div>\n        \n        [\/vc_column_inner][vc_column_inner width=\u00bb1\/4&#8243;]\n        <div class=\"calluna-icon-box clr calluna-icon-box-four align-center\" style=\"border-color:rgba(255,255,255,0.01);background-color:rgba(255,255,255,0.01);\">\n                            <img decoding=\"async\" class=\"calluna-icon-box-four-img-alt lazyload\" data-src=\"http:\/\/www.hotel-traful.com.ar\/inicio\/wp-content\/uploads\/2015\/09\/3.png\" alt=\"CLIMATIZACI\u00d3N\" style=\"--smush-placeholder-width: 302px; --smush-placeholder-aspect-ratio: 302\/192;width:80px;\" src=\"data:image\/gif;base64,R0lGODlhAQABAAAAACH5BAEKAAEALAAAAAABAAEAAAICTAEAOw==\" \/><noscript><img decoding=\"async\" class=\"calluna-icon-box-four-img-alt\" src=\"http:\/\/www.hotel-traful.com.ar\/inicio\/wp-content\/uploads\/2015\/09\/3.png\" alt=\"CLIMATIZACI\u00d3N\" style=\"width:80px;\" \/><\/noscript>\n                            <h4 class=\"calluna-icon-box-four-heading \" style=color:#0f2353;>\n                    CLIMATIZACI\u00d3N                <\/h4>\n                            <div class=\"calluna-icon-box-four-content clr\">\n                    <p>Aire acondicionado Split y Calefacci\u00f3n\u00a0en cada habitaci\u00f3n.<\/p>\n<p>Ambientes comunes climatizados<\/p>\n                <\/div>\n                    <\/div>\n        \n        [\/vc_column_inner][vc_column_inner width=\u00bb1\/4&#8243;]\n        <div class=\"calluna-icon-box clr calluna-icon-box-four align-center\" style=\"border-color:#ffffff;background-color:rgba(255,255,255,0.03);\">\n                            <img decoding=\"async\" class=\"calluna-icon-box-four-img-alt lazyload\" data-src=\"http:\/\/www.hotel-traful.com.ar\/inicio\/wp-content\/uploads\/2015\/09\/4.png\" alt=\"TV\" style=\"--smush-placeholder-width: 298px; --smush-placeholder-aspect-ratio: 298\/249;width:80px;\" src=\"data:image\/gif;base64,R0lGODlhAQABAAAAACH5BAEKAAEALAAAAAABAAEAAAICTAEAOw==\" \/><noscript><img decoding=\"async\" class=\"calluna-icon-box-four-img-alt\" src=\"http:\/\/www.hotel-traful.com.ar\/inicio\/wp-content\/uploads\/2015\/09\/4.png\" alt=\"TV\" style=\"width:80px;\" \/><\/noscript>\n                            <h4 class=\"calluna-icon-box-four-heading \" style=color:#0f2353;>\n                    TV                <\/h4>\n                            <div class=\"calluna-icon-box-four-content clr\">\n                    <p>TV 24&#8243; LED\u00a0con video cable<\/p>\n                <\/div>\n                    <\/div>\n        \n        [\/vc_column_inner][\/vc_row_inner][vc_row_inner][vc_column_inner width=\u00bb1\/4&#8243;]\n        <div class=\"calluna-icon-box clr calluna-icon-box-four align-center\" style=\"border-color:#ffffff;background-color:rgba(255,255,255,0.01);\">\n                            <img decoding=\"async\" class=\"calluna-icon-box-four-img-alt lazyload\" data-src=\"http:\/\/www.hotel-traful.com.ar\/inicio\/wp-content\/uploads\/2015\/09\/7.png\" alt=\"desayuno\" style=\"--smush-placeholder-width: 249px; --smush-placeholder-aspect-ratio: 249\/301;width:80px;\" src=\"data:image\/gif;base64,R0lGODlhAQABAAAAACH5BAEKAAEALAAAAAABAAEAAAICTAEAOw==\" \/><noscript><img decoding=\"async\" class=\"calluna-icon-box-four-img-alt\" src=\"http:\/\/www.hotel-traful.com.ar\/inicio\/wp-content\/uploads\/2015\/09\/7.png\" alt=\"desayuno\" style=\"width:80px;\" \/><\/noscript>\n                            <h4 class=\"calluna-icon-box-four-heading \" style=color:#0f2353;>\n                    desayuno                <\/h4>\n                            <div class=\"calluna-icon-box-four-content clr\">\n                    <p>Completo servicio de desayuno desde las 7 hasta 9,30 hs.<\/p>\n                <\/div>\n                    <\/div>\n        \n        [\/vc_column_inner][vc_column_inner width=\u00bb1\/4&#8243;]\n        <div class=\"calluna-icon-box clr calluna-icon-box-four align-center\" style=\"border-color:#ffffff;background-color:rgba(255,255,255,0.01);\">\n                            <img decoding=\"async\" class=\"calluna-icon-box-four-img-alt lazyload\" data-src=\"http:\/\/www.hotel-traful.com.ar\/inicio\/wp-content\/uploads\/2015\/09\/5.png\" alt=\"COCHERA\" style=\"--smush-placeholder-width: 299px; --smush-placeholder-aspect-ratio: 299\/212;width:80px;\" src=\"data:image\/gif;base64,R0lGODlhAQABAAAAACH5BAEKAAEALAAAAAABAAEAAAICTAEAOw==\" \/><noscript><img decoding=\"async\" class=\"calluna-icon-box-four-img-alt\" src=\"http:\/\/www.hotel-traful.com.ar\/inicio\/wp-content\/uploads\/2015\/09\/5.png\" alt=\"COCHERA\" style=\"width:80px;\" \/><\/noscript>\n                            <h4 class=\"calluna-icon-box-four-heading \" style=color:#0f2353;>\n                    COCHERA                <\/h4>\n                            <div class=\"calluna-icon-box-four-content clr\">\n                    <p>Cochera cubierta para cada habitaci\u00f3n<\/p>\n                <\/div>\n                    <\/div>\n        \n        [\/vc_column_inner][vc_column_inner width=\u00bb1\/4&#8243;]\n        <div class=\"calluna-icon-box clr calluna-icon-box-four align-center\" style=\"border-color:#ffffff;background-color:rgba(255,255,255,0.01);\">\n                            <img decoding=\"async\" class=\"calluna-icon-box-four-img-alt lazyload\" data-src=\"http:\/\/www.hotel-traful.com.ar\/inicio\/wp-content\/uploads\/2015\/09\/6.png\" alt=\"wifi\" style=\"--smush-placeholder-width: 301px; --smush-placeholder-aspect-ratio: 301\/265;width:80px;\" src=\"data:image\/gif;base64,R0lGODlhAQABAAAAACH5BAEKAAEALAAAAAABAAEAAAICTAEAOw==\" \/><noscript><img decoding=\"async\" class=\"calluna-icon-box-four-img-alt\" src=\"http:\/\/www.hotel-traful.com.ar\/inicio\/wp-content\/uploads\/2015\/09\/6.png\" alt=\"wifi\" style=\"width:80px;\" \/><\/noscript>\n                            <h4 class=\"calluna-icon-box-four-heading \" style=color:#0f2353;>\n                    wifi                <\/h4>\n                            <div class=\"calluna-icon-box-four-content clr\">\n                    <p>Conexi\u00f3n Internet Inal\u00e1mbrica,\u00a0<span class=\"Estilo17\">WIFI<\/span><\/p>\n                <\/div>\n                    <\/div>\n        \n        [\/vc_column_inner][vc_column_inner width=\u00bb1\/4&#8243;]\n        <div class=\"calluna-icon-box clr calluna-icon-box-four align-center\" style=\"border-color:#ffffff;background-color:rgba(255,255,255,0.01);\">\n                            <img decoding=\"async\" class=\"calluna-icon-box-four-img-alt lazyload\" data-src=\"http:\/\/www.hotel-traful.com.ar\/inicio\/wp-content\/uploads\/2015\/09\/8-1.png\" alt=\"SERVICIOS EXTRAS\" style=\"--smush-placeholder-width: 300px; --smush-placeholder-aspect-ratio: 300\/271;width:80px;\" src=\"data:image\/gif;base64,R0lGODlhAQABAAAAACH5BAEKAAEALAAAAAABAAEAAAICTAEAOw==\" \/><noscript><img decoding=\"async\" class=\"calluna-icon-box-four-img-alt\" src=\"http:\/\/www.hotel-traful.com.ar\/inicio\/wp-content\/uploads\/2015\/09\/8-1.png\" alt=\"SERVICIOS EXTRAS\" style=\"width:80px;\" \/><\/noscript>\n                            <h4 class=\"calluna-icon-box-four-heading \" style=color:#0f2353;>\n                    SERVICIOS EXTRAS                <\/h4>\n                            <div class=\"calluna-icon-box-four-content clr\">\n                    <p>Contacto para Caza Mayor y Menor<\/p>\n<p>&nbsp;<\/p>\n                <\/div>\n                    <\/div>\n        \n        [\/vc_column_inner][\/vc_row_inner][vc_empty_space][\/vc_column][\/vc_row][vc_row full_height=\u00bbyes\u00bb][vc_column]<div class=\"avt_masterslider_el \" >\n\t\t<!-- MasterSlider -->\n\t\t<div id=\"P_MS69fb5ec2ebbd6\" class=\"master-slider-parent msl ms-parent-id-13\" style=\"\">\n\n\t\t\t\n\t\t\t<!-- MasterSlider Main -->\n\t\t\t<div id=\"MS69fb5ec2ebbd6\" class=\"master-slider ms-skin-default\" >\n\t\t\t\t \t\t\t\t \n\t\t\t\t<div  class=\"ms-slide\" data-delay=\"3\" data-fill-mode=\"fill\"  >\n\t\t\t\t\t<img decoding=\"async\" src=\"http:\/\/www.hotel-traful.com.ar\/inicio\/wp-content\/plugins\/master-slider\/public\/assets\/css\/blank.gif\" alt=\"\" title=\"\" data-src=\"http:\/\/www.hotel-traful.com.ar\/inicio\/wp-content\/uploads\/Slide08.jpg\" \/>\n\n\n\t<div class=\"ms-thumb\" ><div class=\"ms-tab-context\"><div class=&quot;ms-tab-context&quot;><\/div><\/div>\n<\/div>\n\t\t\t\t<\/div>\n\t\t\t\t<div  class=\"ms-slide\" data-delay=\"3\" data-fill-mode=\"fill\"  >\n\t\t\t\t\t<img decoding=\"async\" src=\"http:\/\/www.hotel-traful.com.ar\/inicio\/wp-content\/plugins\/master-slider\/public\/assets\/css\/blank.gif\" alt=\"\" title=\"\" data-src=\"http:\/\/www.hotel-traful.com.ar\/inicio\/wp-content\/uploads\/Slide09.jpg\" \/>\n\n\n\t<div class=\"ms-thumb\" ><div class=\"ms-tab-context\"><div class=&quot;ms-tab-context&quot;><\/div><\/div>\n<\/div>\n\t\t\t\t<\/div>\n\t\t\t\t<div  class=\"ms-slide\" data-delay=\"3\" data-fill-mode=\"fill\"  >\n\t\t\t\t\t<img decoding=\"async\" src=\"http:\/\/www.hotel-traful.com.ar\/inicio\/wp-content\/plugins\/master-slider\/public\/assets\/css\/blank.gif\" alt=\"\" title=\"\" data-src=\"http:\/\/www.hotel-traful.com.ar\/inicio\/wp-content\/uploads\/Slide04.jpg\" \/>\n\n\n\t<div class=\"ms-thumb\" ><div class=\"ms-tab-context\"><div class=&quot;ms-tab-context&quot;><\/div><\/div>\n<\/div>\n\t\t\t\t<\/div>\n\t\t\t\t<div  class=\"ms-slide\" data-delay=\"3\" data-fill-mode=\"fill\"  >\n\t\t\t\t\t<img decoding=\"async\" src=\"http:\/\/www.hotel-traful.com.ar\/inicio\/wp-content\/plugins\/master-slider\/public\/assets\/css\/blank.gif\" alt=\"\" title=\"\" data-src=\"http:\/\/www.hotel-traful.com.ar\/inicio\/wp-content\/uploads\/2022\/09\/DSC_0276.jpg\" \/>\n\n\n\t<div class=\"ms-thumb\" ><div class=\"ms-tab-context\"><div class=&quot;ms-tab-context&quot;><\/div><\/div>\n<\/div>\n\t\t\t\t<\/div>\n\t\t\t\t<div  class=\"ms-slide\" data-delay=\"3\" data-fill-mode=\"fill\"  >\n\t\t\t\t\t<img decoding=\"async\" src=\"http:\/\/www.hotel-traful.com.ar\/inicio\/wp-content\/plugins\/master-slider\/public\/assets\/css\/blank.gif\" alt=\"\" title=\"\" data-src=\"http:\/\/www.hotel-traful.com.ar\/inicio\/wp-content\/uploads\/Slide01.jpg\" \/>\n\n\n\t<div class=\"ms-thumb\" ><div class=\"ms-tab-context\"><div class=&quot;ms-tab-context&quot;><\/div><\/div>\n<\/div>\n\t\t\t\t<\/div>\n\t\t\t\t<div  class=\"ms-slide\" data-delay=\"3\" data-fill-mode=\"fill\"  >\n\t\t\t\t\t<img decoding=\"async\" src=\"http:\/\/www.hotel-traful.com.ar\/inicio\/wp-content\/plugins\/master-slider\/public\/assets\/css\/blank.gif\" alt=\"\" title=\"\" data-src=\"http:\/\/www.hotel-traful.com.ar\/inicio\/wp-content\/uploads\/Slide02.jpg\" \/>\n\n\n\t<div class=\"ms-thumb\" ><div class=\"ms-tab-context\"><div class=&quot;ms-tab-context&quot;><\/div><\/div>\n<\/div>\n\t\t\t\t<\/div>\n\t\t\t\t<div  class=\"ms-slide\" data-delay=\"3\" data-fill-mode=\"fill\"  >\n\t\t\t\t\t<img decoding=\"async\" src=\"http:\/\/www.hotel-traful.com.ar\/inicio\/wp-content\/plugins\/master-slider\/public\/assets\/css\/blank.gif\" alt=\"\" title=\"\" data-src=\"http:\/\/www.hotel-traful.com.ar\/inicio\/wp-content\/uploads\/2022\/09\/DSC_0275.jpg\" \/>\n\n\n\t<div class=\"ms-thumb\" ><div class=\"ms-tab-context\"><div class=&quot;ms-tab-context&quot;><\/div><\/div>\n<\/div>\n\t\t\t\t<\/div>\n\t\t\t\t<div  class=\"ms-slide\" data-delay=\"3\" data-fill-mode=\"fill\"  >\n\t\t\t\t\t<img decoding=\"async\" src=\"http:\/\/www.hotel-traful.com.ar\/inicio\/wp-content\/plugins\/master-slider\/public\/assets\/css\/blank.gif\" alt=\"\" title=\"\" data-src=\"http:\/\/www.hotel-traful.com.ar\/inicio\/wp-content\/uploads\/Slide06.jpg\" \/>\n\n\n\t<div class=\"ms-thumb\" ><div class=\"ms-tab-context\"><div class=&quot;ms-tab-context&quot;><\/div><\/div>\n<\/div>\n\t\t\t\t<\/div>\n\t\t\t\t<div  class=\"ms-slide\" data-delay=\"3\" data-fill-mode=\"fill\"  >\n\t\t\t\t\t<img decoding=\"async\" src=\"http:\/\/www.hotel-traful.com.ar\/inicio\/wp-content\/plugins\/master-slider\/public\/assets\/css\/blank.gif\" alt=\"\" title=\"\" data-src=\"http:\/\/www.hotel-traful.com.ar\/inicio\/wp-content\/uploads\/2022\/09\/DSC_0272.jpg\" \/>\n\n\n\t<div class=\"ms-thumb\" ><div class=\"ms-tab-context\"><div class=&quot;ms-tab-context&quot;><\/div><\/div>\n<\/div>\n\t\t\t\t<\/div>\n\t\t\t\t<div  class=\"ms-slide\" data-delay=\"3\" data-fill-mode=\"fill\"  >\n\t\t\t\t\t<img decoding=\"async\" src=\"http:\/\/www.hotel-traful.com.ar\/inicio\/wp-content\/plugins\/master-slider\/public\/assets\/css\/blank.gif\" alt=\"\" title=\"\" data-src=\"http:\/\/www.hotel-traful.com.ar\/inicio\/wp-content\/uploads\/2022\/09\/DSC_0264.jpg\" \/>\n\n\n\t<div class=\"ms-thumb\" ><div class=\"ms-tab-context\"><div class=&quot;ms-tab-context&quot;><\/div><\/div>\n<\/div>\n\t\t\t\t<\/div>\n\t\t\t\t<div  class=\"ms-slide\" data-delay=\"3\" data-fill-mode=\"fill\"  >\n\t\t\t\t\t<img decoding=\"async\" src=\"http:\/\/www.hotel-traful.com.ar\/inicio\/wp-content\/plugins\/master-slider\/public\/assets\/css\/blank.gif\" alt=\"\" title=\"\" data-src=\"http:\/\/www.hotel-traful.com.ar\/inicio\/wp-content\/uploads\/Slide03.jpg\" \/>\n\n\n\t<div class=\"ms-thumb\" ><div class=\"ms-tab-context\"><div class=&quot;ms-tab-context&quot;><\/div><\/div>\n<\/div>\n\t\t\t\t<\/div>\n\t\t\t\t<div  class=\"ms-slide\" data-delay=\"3\" data-fill-mode=\"fill\"  >\n\t\t\t\t\t<img decoding=\"async\" src=\"http:\/\/www.hotel-traful.com.ar\/inicio\/wp-content\/plugins\/master-slider\/public\/assets\/css\/blank.gif\" alt=\"\" title=\"\" data-src=\"http:\/\/www.hotel-traful.com.ar\/inicio\/wp-content\/uploads\/Slide05.jpg\" \/>\n\n\n\t<div class=\"ms-thumb\" ><div class=\"ms-tab-context\"><div class=&quot;ms-tab-context&quot;><\/div><\/div>\n<\/div>\n\t\t\t\t<\/div>\n\t\t\t\t<div  class=\"ms-slide\" data-delay=\"3\" data-fill-mode=\"fill\"  >\n\t\t\t\t\t<img decoding=\"async\" src=\"http:\/\/www.hotel-traful.com.ar\/inicio\/wp-content\/plugins\/master-slider\/public\/assets\/css\/blank.gif\" alt=\"\" title=\"\" data-src=\"http:\/\/www.hotel-traful.com.ar\/inicio\/wp-content\/uploads\/Slide07.jpg\" \/>\n\n\n\t<div class=\"ms-thumb\" ><div class=\"ms-tab-context\"><div class=&quot;ms-tab-context&quot;><\/div><\/div>\n<\/div>\n\t\t\t\t<\/div>\n\t\t\t\t<div  class=\"ms-slide\" data-delay=\"3\" data-fill-mode=\"fill\"  >\n\t\t\t\t\t<img decoding=\"async\" src=\"http:\/\/www.hotel-traful.com.ar\/inicio\/wp-content\/plugins\/master-slider\/public\/assets\/css\/blank.gif\" alt=\"\" title=\"\" data-src=\"http:\/\/www.hotel-traful.com.ar\/inicio\/wp-content\/uploads\/2022\/09\/DSC_0258.jpg\" \/>\n\n\n\t<div class=\"ms-thumb\" ><div class=\"ms-tab-context\"><div class=&quot;ms-tab-context&quot;><\/div><\/div>\n<\/div>\n\t\t\t\t<\/div>\n\t\t\t\t<div  class=\"ms-slide\" data-delay=\"3\" data-fill-mode=\"fill\"  >\n\t\t\t\t\t<img decoding=\"async\" src=\"http:\/\/www.hotel-traful.com.ar\/inicio\/wp-content\/plugins\/master-slider\/public\/assets\/css\/blank.gif\" alt=\"\" title=\"\" data-src=\"http:\/\/www.hotel-traful.com.ar\/inicio\/wp-content\/uploads\/2022\/09\/DSC_0281.jpg\" \/>\n\n\n\t<div class=\"ms-thumb\" ><div class=\"ms-tab-context\"><div class=&quot;ms-tab-context&quot;><\/div><\/div>\n<\/div>\n\t\t\t\t<\/div>\n\t\t\t\t<div  class=\"ms-slide\" data-delay=\"3\" data-fill-mode=\"fill\"  >\n\t\t\t\t\t<img decoding=\"async\" src=\"http:\/\/www.hotel-traful.com.ar\/inicio\/wp-content\/plugins\/master-slider\/public\/assets\/css\/blank.gif\" alt=\"\" title=\"\" data-src=\"http:\/\/www.hotel-traful.com.ar\/inicio\/wp-content\/uploads\/2022\/09\/DSC_0257.jpg\" \/>\n\n\n\t<div class=\"ms-thumb\" ><div class=\"ms-tab-context\"><div class=&quot;ms-tab-context&quot;><\/div><\/div>\n<\/div>\n\t\t\t\t<\/div>\n\n\t\t\t<\/div>\n\t\t\t<!-- END MasterSlider Main -->\n\n\t\t\t \n\t\t<\/div>\n\t\t<!-- END MasterSlider -->\n\n\t\t<script>\n\t\t(function ( $ ) {\n\t\t\t\"use strict\";\n\n\t\t\t$(function () {\n\t\t\t\tvar masterslider_bbd6 = new MasterSlider();\n\n\t\t\t\t\/\/ slider controls\n\t\t\t\tmasterslider_bbd6.control('arrows'     ,{ autohide:true, overVideo:true  });\n\t\t\t\t\/\/ slider setup\n\t\t\t\tmasterslider_bbd6.setup(\"MS69fb5ec2ebbd6\", {\n\t\t\t\t\t\twidth           : 1140,\n\t\t\t\t\t\theight          : 500,\n\t\t\t\t\t\tminHeight       : 0,\n\t\t\t\t\t\tspace           : 0,\n\t\t\t\t\t\tstart           : 1,\n\t\t\t\t\t\tgrabCursor      : true,\n\t\t\t\t\t\tswipe           : true,\n\t\t\t\t\t\tmouse           : true,\n\t\t\t\t\t\tlayout          : \"fullscreen\",\n\t\t\t\t\t\twheel           : false,\n\t\t\t\t\t\tautoplay        : true,\n\t\t\t\t\t\tinstantStartLayers:false,\n\t\t\t\t\t\tloop            : true,\n\t\t\t\t\t\tshuffle         : false,\n\t\t\t\t\t\tpreload         : 2,\n\t\t\t\t\t\theightLimit     : true,\n\t\t\t\t\t\tautoHeight      : false,\n\t\t\t\t\t\tsmoothHeight    : true,\n\t\t\t\t\t\tendPause        : false,\n\t\t\t\t\t\toverPause       : true,\n\t\t\t\t\t\tfillMode        : \"fill\",\n\t\t\t\t\t\tcenterControls  : true,\n\t\t\t\t\t\tstartOnAppear   : false,\n\t\t\t\t\t\tlayersMode      : \"center\",\n\t\t\t\t\t\thideLayers      : false,\n\t\t\t\t\t\tfullscreenMargin: 0,\n\t\t\t\t\t\tspeed           : 20,\n\t\t\t\t\t\tdir             : \"h\",\n\t\t\t\t\t\tparallaxMode    : 'swipe',\n\t\t\t\t\t\tview            : \"basic\"\n\t\t\t\t});\n\n\t\t\t\t\n\t\t\t\twindow.masterslider_instances = window.masterslider_instances || [];\n\t\t\t\twindow.masterslider_instances.push( masterslider_bbd6 );\n\t\t\t });\n\n\t\t})(jQuery);\n\t\t<\/script>\n\n<\/div>[vc_empty_space height=\u00bb100px\u00bb][\/vc_column][\/vc_row][vc_row][vc_column][vc_column_text css_animation=\u00bbbounceInRight\u00bb]<i>Desayuno autoservicio en el cual podr\u00e1 disfrutar de bebidas calientes: caf\u00e9 y leche, agua caliente, variedad de sabores de t\u00e9, chocolate en polvo; porciones individuales de\u00a0 mermelada de durazno y frutilla, dulce de leche y manteca, variedad de galletitas dulces, tostadas de mesa, medialunas y pan blanco y de salvado, con la posibilidad de tostarlo si as\u00ed\u00a0lo desea, jugo de naranja y agua. Tambi\u00e9n tenemos opci\u00f3n\u00a0de desayuno sin T.A.C.C para cel\u00edacos, con previo aviso.<\/i>[\/vc_column_text][vc_empty_space height=\u00bb100&#8243;][\/vc_column][\/vc_row][vc_row][vc_column]<h2 class=\"calluna-heading calluna-heading-single-line text-align-left \" ><span>HABITACIONES<\/span><\/h2>[\/vc_column][\/vc_row][vc_row css_animation=\u00bbbounceInUp\u00bb][vc_column width=\u00bb1\/4&#8243;][vc_single_image image=\u00bb2962&#8243; img_size=\u00bbfull\u00bb onclick=\u00bbcustom_link\u00bb link=\u00bbhttp:\/\/www.hotel-traful.com.ar\/inicio\/habitacion-cuadruple\/\u00bb][\/vc_column][vc_column width=\u00bb1\/4&#8243;][vc_single_image image=\u00bb2963&#8243; img_size=\u00bbfull\u00bb onclick=\u00bbcustom_link\u00bb link=\u00bbhttp:\/\/www.hotel-traful.com.ar\/inicio\/habitacion-triple\/?preview=true\u00bb][\/vc_column][vc_column width=\u00bb1\/4&#8243;][vc_single_image image=\u00bb2964&#8243; img_size=\u00bbfull\u00bb onclick=\u00bbcustom_link\u00bb link=\u00bbhttp:\/\/www.hotel-traful.com.ar\/inicio\/habitcion-doble\/?preview=true\u00bb][\/vc_column][vc_column width=\u00bb1\/4&#8243;][vc_single_image image=\u00bb2965&#8243; img_size=\u00bbfull\u00bb onclick=\u00bbcustom_link\u00bb link=\u00bbhttp:\/\/www.hotel-traful.com.ar\/inicio\/doble-superior\/\u00bb][\/vc_column][\/vc_row][vc_row][vc_column][vc_empty_space height=\u00bb100&#8243;][\/vc_column][\/vc_row]\n","protected":false},"excerpt":{"rendered":"<p>[vc_row][vc_column][vc_empty_space height=\u00bb60&#8243;][vc_column_text] Somos una familia con m\u00e1s de 25 a\u00f1os de experiencia en la industria hotelera. En el mes de enero del a\u00f1o 1998 comenzamos con este emprendimiento llamado Hotel Traful. En esa \u00e9poca, 6 habitaciones y un peque\u00f1o desayunador fueron los primeros espacios creados para servir a nuestros pasajeros. Hoy, contamos con 15 habitaciones [&hellip;]<\/p>\n","protected":false},"author":1,"featured_media":0,"parent":0,"menu_order":0,"comment_status":"closed","ping_status":"closed","template":"","meta":{"_joinchat":[],"footnotes":""},"_links":{"self":[{"href":"http:\/\/www.hotel-traful.com.ar\/inicio\/wp-json\/wp\/v2\/pages\/1756"}],"collection":[{"href":"http:\/\/www.hotel-traful.com.ar\/inicio\/wp-json\/wp\/v2\/pages"}],"about":[{"href":"http:\/\/www.hotel-traful.com.ar\/inicio\/wp-json\/wp\/v2\/types\/page"}],"author":[{"embeddable":true,"href":"http:\/\/www.hotel-traful.com.ar\/inicio\/wp-json\/wp\/v2\/users\/1"}],"replies":[{"embeddable":true,"href":"http:\/\/www.hotel-traful.com.ar\/inicio\/wp-json\/wp\/v2\/comments?post=1756"}],"version-history":[{"count":78,"href":"http:\/\/www.hotel-traful.com.ar\/inicio\/wp-json\/wp\/v2\/pages\/1756\/revisions"}],"predecessor-version":[{"id":3001,"href":"http:\/\/www.hotel-traful.com.ar\/inicio\/wp-json\/wp\/v2\/pages\/1756\/revisions\/3001"}],"wp:attachment":[{"href":"http:\/\/www.hotel-traful.com.ar\/inicio\/wp-json\/wp\/v2\/media?parent=1756"}],"curies":[{"name":"wp","href":"https:\/\/api.w.org\/{rel}","templated":true}]}}